{"id":181,"date":"2021-01-26T22:56:16","date_gmt":"2021-01-26T22:56:16","guid":{"rendered":"http:\/\/www.gestner.es\/serveis\/"},"modified":"2024-05-07T11:10:14","modified_gmt":"2024-05-07T11:10:14","slug":"serveis","status":"publish","type":"page","link":"https:\/\/www.gestner.es\/ca\/serveis\/","title":{"rendered":"Serveis"},"content":{"rendered":"<p>[et_pb_section fb_built=&#8221;1&#8243; admin_label=&#8221;Header&#8221; _builder_version=&#8221;4.16&#8243; background_color=&#8221;#f7f7f7&#8243; use_background_color_gradient=&#8221;on&#8221; background_color_gradient_direction=&#8221;90deg&#8221; background_color_gradient_stops=&#8221;#f7f7f7 66%|#ffffff 66%&#8221; background_color_gradient_start=&#8221;#f7f7f7&#8243; background_color_gradient_start_position=&#8221;66%&#8221; background_color_gradient_end=&#8221;#ffffff&#8221; background_color_gradient_end_position=&#8221;0%&#8221; custom_margin=&#8221;|||||&#8221; custom_padding=&#8221;34px||0px||false|false&#8221; background_last_edited=&#8221;on|tablet&#8221; use_background_color_gradient_tablet=&#8221;on&#8221; background_color_gradient_stops_tablet=&#8221;#f7f7f7 100%|#ffffff 100%&#8221; background_color_gradient_start_position_tablet=&#8221;100%&#8221; locked=&#8221;off&#8221; global_colors_info=&#8221;{}&#8221;][et_pb_row column_structure=&#8221;1_2,1_2&#8243; custom_padding_last_edited=&#8221;on|phone&#8221; padding_left_right_link_1=&#8221;false&#8221; _builder_version=&#8221;4.16&#8243; background_image=&#8221;http:\/\/www.gestner.es\/wp-content\/uploads\/2021\/01\/green-energy-20.png&#8221; background_size=&#8221;initial&#8221; background_position=&#8221;top_left&#8221; width=&#8221;90%&#8221; max_width=&#8221;1400px&#8221; custom_padding=&#8221;66px||8px|20px||&#8221; custom_padding_tablet=&#8221;&#8221; custom_padding_phone=&#8221;|||0px&#8221; global_colors_info=&#8221;{}&#8221;][et_pb_column type=&#8221;1_2&#8243; _builder_version=&#8221;4.16&#8243; background_repeat=&#8221;repeat&#8221; custom_padding=&#8221;|20px||&#8221; custom_padding_tablet=&#8221;|0px||&#8221; custom_padding_phone=&#8221;&#8221; custom_padding_last_edited=&#8221;on|tablet&#8221; global_colors_info=&#8221;{}&#8221; custom_padding__hover=&#8221;|||&#8221;][et_pb_text _builder_version=&#8221;4.16&#8243; text_font=&#8221;Montserrat||||||||&#8221; text_font_size=&#8221;20px&#8221; text_line_height=&#8221;1.8em&#8221; header_font=&#8221;Montserrat|700|||||||&#8221; header_text_color=&#8221;#95c11e&#8221; header_font_size=&#8221;44px&#8221; header_line_height=&#8221;1.3em&#8221; custom_margin=&#8221;68px||27px|||&#8221; text_font_size_tablet=&#8221;&#8221; text_font_size_phone=&#8221;14px&#8221; text_font_size_last_edited=&#8221;on|desktop&#8221; header_font_size_tablet=&#8221;50px&#8221; header_font_size_phone=&#8221;30px&#8221; header_font_size_last_edited=&#8221;on|phone&#8221; global_colors_info=&#8221;{}&#8221;]<\/p>\n<h1><span style=\"color: #000;\">Fes-te<\/span> eco-eficient<br \/> <span style=\"color: #000;\"> amb nosaltres<\/span><\/h1>\n<p>[\/et_pb_text][et_pb_text _builder_version=&#8221;4.16&#8243; text_font=&#8221;Montserrat||||||||&#8221; text_font_size=&#8221;20px&#8221; text_line_height=&#8221;1.8em&#8221; header_font=&#8221;Montserrat|700|||||||&#8221; header_text_color=&#8221;#95c11e&#8221; header_font_size=&#8221;44px&#8221; header_line_height=&#8221;1.3em&#8221; custom_margin=&#8221;5px||60px|||&#8221; text_font_size_tablet=&#8221;&#8221; text_font_size_phone=&#8221;14px&#8221; text_font_size_last_edited=&#8221;on|desktop&#8221; header_font_size_tablet=&#8221;50px&#8221; header_font_size_phone=&#8221;30px&#8221; header_font_size_last_edited=&#8221;on|phone&#8221; global_colors_info=&#8221;{}&#8221;]<\/p>\n<p>L\u2019eco efici\u00e8ncia \u00e9s el resultat d&#8217;un proc\u00e9s que permetr\u00e0 adequar els seus consums a les seves necessitats, la utilitzaci\u00f3 d&#8217;energies renovables o de proced\u00e8ncia renovable i a m\u00e9s obtenir un menor cost de l&#8217;energia.<\/p>\n<p>[\/et_pb_text][et_pb_button button_url=&#8221;http:\/\/www.gestner.es\/#contacto&#8221; button_text=&#8221;Contacta&#8221; _builder_version=&#8221;4.16&#8243; custom_button=&#8221;on&#8221; button_text_size=&#8221;16px&#8221; button_text_color=&#8221;#ffffff&#8221; button_bg_color=&#8221;#95c11e&#8221; button_border_color=&#8221;rgba(0,0,0,0)&#8221; button_border_radius=&#8221;4px&#8221; button_letter_spacing=&#8221;1px&#8221; button_font=&#8221;Raleway|700|||||||&#8221; button_icon=&#8221;&#x24;||divi||400&#8243; custom_padding=&#8221;3px|40px|3px|40px|true|true&#8221; animation_style=&#8221;slide&#8221; animation_direction=&#8221;top&#8221; animation_intensity_slide=&#8221;10%&#8221; locked=&#8221;off&#8221; global_colors_info=&#8221;{}&#8221;][\/et_pb_button][\/et_pb_column][et_pb_column type=&#8221;1_2&#8243; _builder_version=&#8221;4.16&#8243; background_enable_image=&#8221;off&#8221; custom_padding=&#8221;|||&#8221; global_colors_info=&#8221;{}&#8221; custom_padding__hover=&#8221;|||&#8221;][et_pb_image src=&#8221;http:\/\/www.gestner.es\/wp-content\/uploads\/2021\/01\/green-energy-34.png&#8221; title_text=&#8221;gestner3&#8243; _builder_version=&#8221;4.16&#8243; background_image=&#8221;http:\/\/www.gestner.es\/wp-content\/uploads\/2021\/01\/gestner3.jpg&#8221; custom_margin=&#8221;-100px||||false|false&#8221; custom_margin_tablet=&#8221;0px|||&#8221; custom_margin_phone=&#8221;&#8221; custom_margin_last_edited=&#8221;on|tablet&#8221; custom_padding=&#8221;||67.5%||false|false&#8221; custom_padding_tablet=&#8221;||40%&#8221; custom_padding_phone=&#8221;||40%&#8221; custom_padding_last_edited=&#8221;on|tablet&#8221; animation_style=&#8221;slide&#8221; animation_direction=&#8221;right&#8221; global_colors_info=&#8221;{}&#8221;][\/et_pb_image][\/et_pb_column][\/et_pb_row][\/et_pb_section][et_pb_section fb_built=&#8221;1&#8243; admin_label=&#8221;Header&#8221; _builder_version=&#8221;4.16&#8243; background_color=&#8221;#f7f7f7&#8243; use_background_color_gradient=&#8221;on&#8221; background_color_gradient_direction=&#8221;90deg&#8221; background_color_gradient_stops=&#8221;#f7f7f7 100%|#ffffff 100%&#8221; background_color_gradient_start=&#8221;#f7f7f7&#8243; background_color_gradient_start_position=&#8221;100%&#8221; background_color_gradient_end=&#8221;#ffffff&#8221; background_color_gradient_end_position=&#8221;0%&#8221; custom_margin=&#8221;|||||&#8221; custom_padding=&#8221;1px||0px|||&#8221; background_last_edited=&#8221;on|tablet&#8221; use_background_color_gradient_tablet=&#8221;on&#8221; background_color_gradient_stops_tablet=&#8221;#f7f7f7 100%|#ffffff 100%&#8221; background_color_gradient_start_position_tablet=&#8221;100%&#8221; locked=&#8221;off&#8221; global_colors_info=&#8221;{}&#8221;][et_pb_row column_structure=&#8221;1_2,1_2&#8243; make_equal=&#8221;on&#8221; module_id=&#8221;servicio1&#8243; _builder_version=&#8221;4.16&#8243; _module_preset=&#8221;default&#8221; custom_margin=&#8221;0px||0px||false|false&#8221; custom_padding=&#8221;0px||0px||false|false&#8221; animation_style=&#8221;slide&#8221; animation_direction=&#8221;left&#8221; global_colors_info=&#8221;{}&#8221;][et_pb_column type=&#8221;1_2&#8243; _builder_version=&#8221;4.16&#8243; _module_preset=&#8221;default&#8221; background_image=&#8221;http:\/\/www.gestner.es\/wp-content\/uploads\/2021\/01\/gestner4.jpg&#8221; global_colors_info=&#8221;{}&#8221;][\/et_pb_column][et_pb_column type=&#8221;1_2&#8243; _builder_version=&#8221;4.16&#8243; _module_preset=&#8221;default&#8221; global_colors_info=&#8221;{}&#8221;][et_pb_text _builder_version=&#8221;4.16&#8243; text_font=&#8221;Montserrat||||||||&#8221; text_line_height=&#8221;1.8em&#8221; header_font=&#8221;Montserrat|700|||||||&#8221; header_text_color=&#8221;#000000&#8243; header_font_size=&#8221;24px&#8221; header_line_height=&#8221;1.3em&#8221; custom_margin=&#8221;93px||90px||false|false&#8221; custom_margin_tablet=&#8221;&#8221; custom_margin_phone=&#8221;60px||60px||false|false&#8221; custom_margin_last_edited=&#8221;on|phone&#8221; text_font_size_tablet=&#8221;&#8221; text_font_size_phone=&#8221;14px&#8221; text_font_size_last_edited=&#8221;on|desktop&#8221; header_font_size_tablet=&#8221;50px&#8221; header_font_size_phone=&#8221;30px&#8221; header_font_size_last_edited=&#8221;on|phone&#8221; global_colors_info=&#8221;{}&#8221;]<\/p>\n<h1>GESTI\u00d3, CONTROL I MONITORATGE DE L\u2019ENERGIA I DE L&#8217;AIGUA<\/h1>\n<p>&nbsp;<\/p>\n<p>Els nostres professionals obtindran les dades necess\u00e0ries per a la realitzaci\u00f3 d&#8217;un estudi previ i con\u00e8ixer i valorar les necessitats del nostre client i l&#8217;estalvi que podria aconseguir.<\/p>\n<p>El nostre sistema de monitoratge de la\/les instal\u00b7laci\u00f3\/\u00e9s dels nostres clients ens permet obtenir multitud d&#8217;informaci\u00f3 i par\u00e0metres en temps real de la instal\u00b7laci\u00f3.<\/p>\n<p>Primerament i en funci\u00f3 del comportament de la instal\u00b7laci\u00f3 i necessitats del client adeq\u00fcem la contractaci\u00f3 de subministrament d&#8217;energia determinant que tipus de tarifa, pot\u00e8ncia de contractaci\u00f3, etc. Li \u00e9s m\u00e9s interessant per al nostre client.<\/p>\n<p>Aquesta informaci\u00f3 \u00e9s imprescindible per a posteriors actuacions de millora.<\/p>\n<p>[\/et_pb_text][et_pb_image src=&#8221;http:\/\/www.gestner.es\/wp-content\/uploads\/2021\/01\/gestner4.jpg&#8221; title_text=&#8221;gestner4&#8243; disabled_on=&#8221;off|on|on&#8221; _builder_version=&#8221;4.16&#8243; _module_preset=&#8221;default&#8221; global_colors_info=&#8221;{}&#8221;][\/et_pb_image][\/et_pb_column][\/et_pb_row][et_pb_row column_structure=&#8221;1_2,1_2&#8243; make_equal=&#8221;on&#8221; module_id=&#8221;servicio2&#8243; _builder_version=&#8221;4.16&#8243; _module_preset=&#8221;default&#8221; background_enable_image=&#8221;off&#8221; custom_padding=&#8221;0px||0px||false|false&#8221; animation_style=&#8221;slide&#8221; animation_direction=&#8221;right&#8221; global_colors_info=&#8221;{}&#8221;][et_pb_column type=&#8221;1_2&#8243; _builder_version=&#8221;4.16&#8243; _module_preset=&#8221;default&#8221; global_colors_info=&#8221;{}&#8221;][et_pb_text _builder_version=&#8221;4.16&#8243; text_font=&#8221;Montserrat||||||||&#8221; text_line_height=&#8221;1.8em&#8221; header_font=&#8221;Montserrat|700|||||||&#8221; header_text_color=&#8221;#000000&#8243; header_font_size=&#8221;24px&#8221; header_line_height=&#8221;1.3em&#8221; custom_margin=&#8221;93px||104px||false|false&#8221; custom_margin_tablet=&#8221;&#8221; custom_margin_phone=&#8221;60px||60px||false|false&#8221; custom_margin_last_edited=&#8221;on|phone&#8221; text_font_size_tablet=&#8221;&#8221; text_font_size_phone=&#8221;14px&#8221; text_font_size_last_edited=&#8221;on|desktop&#8221; header_font_size_tablet=&#8221;50px&#8221; header_font_size_phone=&#8221;30px&#8221; header_font_size_last_edited=&#8221;on|phone&#8221; global_colors_info=&#8221;{}&#8221;]<\/p>\n<h1>AUDITORIES ENERG\u00c8TIQUES I H\u00cdDRIQUES<\/h1>\n<p>&nbsp;<\/p>\n<p>Una auditoria energ\u00e8tica \u00e9s el procediment a trav\u00e9s del qual \u00e9s possible obtenir informaci\u00f3 fiable i objectiva sobre el consum d&#8217;energia d&#8217;un determinat edifici, per a poder detectar quins factors afecten aquest consum. D&#8217;aquesta manera podrem entendre de quina forma s&#8217;est\u00e0 emprant l&#8217;energia i aix\u00ed poder identificar on es pot estar desaprofitant o balafiant per a poder establir i organitzar les possibles estrat\u00e8gies d&#8217;estalvi energ\u00e8tic.<\/p>\n<p>L&#8217;auditoria aconsegueix als edificis m\u00e9s representatius de l&#8217;empresa.<br \/>L&#8217;auditoria d&#8217;efici\u00e8ncia energ\u00e8tica d&#8217;acord amb el reial decret 56\/2016, aconsegueix als edificis m\u00e9s representatius de l&#8217;empresa.<\/p>\n<p>El servei inclou:<\/p>\n<p>&nbsp;<\/p>\n<ul>\n<li>Revisi\u00f3 dels edificis representatius i revisi\u00f3 de flota de vehicles.<\/li>\n<li>Informe energ\u00e8tic de consums, rendiments, inventari energ\u00e8tic i millores d&#8217;estalvi per cada edifici visitat.<\/li>\n<li>Informe d&#8217;Auditoria UNEIX EN 16.247 de tota l&#8217;empresa adjuntant la informaci\u00f3 obtinguda de les auditories per edifici<\/li>\n<\/ul>\n<p>[\/et_pb_text][et_pb_image src=&#8221;http:\/\/www.gestner.es\/wp-content\/uploads\/2021\/01\/gestner5.jpg&#8221; title_text=&#8221;gestner5&#8243; disabled_on=&#8221;off|on|on&#8221; _builder_version=&#8221;4.16&#8243; _module_preset=&#8221;default&#8221; global_colors_info=&#8221;{}&#8221;][\/et_pb_image][\/et_pb_column][et_pb_column type=&#8221;1_2&#8243; _builder_version=&#8221;4.16&#8243; _module_preset=&#8221;default&#8221; background_enable_color=&#8221;off&#8221; background_image=&#8221;http:\/\/www.gestner.es\/wp-content\/uploads\/2021\/01\/gestner5.jpg&#8221; global_colors_info=&#8221;{}&#8221;][\/et_pb_column][\/et_pb_row][et_pb_row column_structure=&#8221;1_2,1_2&#8243; make_equal=&#8221;on&#8221; module_id=&#8221;servicio3&#8243; _builder_version=&#8221;4.16&#8243; _module_preset=&#8221;default&#8221; custom_margin=&#8221;0px||0px||false|false&#8221; custom_padding=&#8221;0px||0px||false|false&#8221; animation_style=&#8221;slide&#8221; animation_direction=&#8221;left&#8221; global_colors_info=&#8221;{}&#8221;][et_pb_column type=&#8221;1_2&#8243; _builder_version=&#8221;4.16&#8243; _module_preset=&#8221;default&#8221; background_image=&#8221;http:\/\/www.gestner.es\/wp-content\/uploads\/2021\/01\/gestner6.jpg&#8221; global_colors_info=&#8221;{}&#8221;][\/et_pb_column][et_pb_column type=&#8221;1_2&#8243; _builder_version=&#8221;4.16&#8243; _module_preset=&#8221;default&#8221; global_colors_info=&#8221;{}&#8221;][et_pb_text _builder_version=&#8221;4.16&#8243; text_font=&#8221;Montserrat||||||||&#8221; text_line_height=&#8221;1.8em&#8221; header_font=&#8221;Montserrat|700|||||||&#8221; header_text_color=&#8221;#000000&#8243; header_font_size=&#8221;24px&#8221; header_line_height=&#8221;1.3em&#8221; custom_margin=&#8221;220px||237px||false|false&#8221; custom_margin_tablet=&#8221;&#8221; custom_margin_phone=&#8221;60px||60px||false|false&#8221; custom_margin_last_edited=&#8221;on|phone&#8221; text_font_size_tablet=&#8221;&#8221; text_font_size_phone=&#8221;14px&#8221; text_font_size_last_edited=&#8221;on|desktop&#8221; header_font_size_tablet=&#8221;50px&#8221; header_font_size_phone=&#8221;30px&#8221; header_font_size_last_edited=&#8221;on|phone&#8221; global_colors_info=&#8221;{}&#8221;]<\/p>\n<h1>SUBMINISTRAMENT D&#8217;ENERGIA 100% D&#8217;ORIGEN RENOVABLE AMB CERTIFICAT D&#8217;ENERGIA VERD<\/h1>\n<p>&nbsp;<\/p>\n<p>Subministrem energia el\u00e8ctrica d&#8217;origen 100% renovable a preus altament competitius a l&#8217;empresa que contracti aquest servei amb nosaltres se li fa lliurament de Certificat d&#8217;Energia Verda, obtenint una Petjada de Carboni Zero.<\/p>\n<p>[\/et_pb_text][et_pb_image src=&#8221;http:\/\/www.gestner.es\/wp-content\/uploads\/2021\/01\/gestner6.jpg&#8221; title_text=&#8221;gestner6&#8243; disabled_on=&#8221;off|on|on&#8221; _builder_version=&#8221;4.16&#8243; _module_preset=&#8221;default&#8221; global_colors_info=&#8221;{}&#8221;][\/et_pb_image][\/et_pb_column][\/et_pb_row][et_pb_row column_structure=&#8221;1_2,1_2&#8243; make_equal=&#8221;on&#8221; module_id=&#8221;servicio4&#8243; _builder_version=&#8221;4.16&#8243; _module_preset=&#8221;default&#8221; background_enable_image=&#8221;off&#8221; custom_padding=&#8221;0px||0px||false|false&#8221; animation_style=&#8221;slide&#8221; animation_direction=&#8221;right&#8221; global_colors_info=&#8221;{}&#8221;][et_pb_column type=&#8221;1_2&#8243; _builder_version=&#8221;4.16&#8243; _module_preset=&#8221;default&#8221; global_colors_info=&#8221;{}&#8221;][et_pb_text _builder_version=&#8221;4.16&#8243; text_font=&#8221;Montserrat||||||||&#8221; text_line_height=&#8221;1.8em&#8221; header_font=&#8221;Montserrat|700|||||||&#8221; header_text_color=&#8221;#000000&#8243; header_font_size=&#8221;24px&#8221; header_line_height=&#8221;1.3em&#8221; custom_margin=&#8221;118px||112px||false|false&#8221; custom_margin_tablet=&#8221;&#8221; custom_margin_phone=&#8221;60px||60px||false|false&#8221; custom_margin_last_edited=&#8221;on|phone&#8221; text_font_size_tablet=&#8221;&#8221; text_font_size_phone=&#8221;14px&#8221; text_font_size_last_edited=&#8221;on|desktop&#8221; header_font_size_tablet=&#8221;50px&#8221; header_font_size_phone=&#8221;30px&#8221; header_font_size_last_edited=&#8221;on|phone&#8221; global_colors_info=&#8221;{}&#8221;]<\/p>\n<h1>INSTAL\u00b7LACIONS EN EMPRESES I PARTICULARS<\/h1>\n<p>&nbsp;<\/p>\n<p>Fem instal\u00b7lacions per a autoconsum amb sistemes d&#8217;energies renovables:<\/p>\n<p><strong>Fotovoltaica d&#8217;autoconsum:<\/strong> autoconsum amb sistemes d&#8217;energies renovables: Fotovoltaica d&#8217;autoconsum: Actualment l&#8217;autoconsum ve regulat pel Reial decret 244\/2019 del 6 d&#8217;abril, pel qual es regulen les condicions administratives, t\u00e8cniques i econ\u00f2miques de les modalitats de subministrament d&#8217;energia el\u00e8ctrica amb autoconsum i de producci\u00f3. L&#8217;autoconsum consisteix en la producci\u00f3 d&#8217;energia el\u00e8ctrica connectada directament a la instal\u00b7laci\u00f3, on s&#8217;autoconsumeixi la major part d&#8217;aquesta energia i la resta es pot o no injectar a la xarxa de distribuci\u00f3 el\u00e8ctrica. D&#8217;aquesta manera el client produeix part de l&#8217;electricitat que precisa la seva empresa a un PREU molt inferior al de mercat, fix, de manera sostenible i en un per\u00edode de temps m\u00ednim de 25 anys.<\/p>\n<p><strong> <\/strong><\/p>\n<p>[\/et_pb_text][et_pb_image src=&#8221;http:\/\/www.gestner.es\/wp-content\/uploads\/2021\/01\/gestner7.jpg&#8221; title_text=&#8221;gestner7&#8243; disabled_on=&#8221;off|on|on&#8221; _builder_version=&#8221;4.16&#8243; _module_preset=&#8221;default&#8221; global_colors_info=&#8221;{}&#8221;][\/et_pb_image][\/et_pb_column][et_pb_column type=&#8221;1_2&#8243; _builder_version=&#8221;4.16&#8243; _module_preset=&#8221;default&#8221; background_enable_color=&#8221;off&#8221; background_image=&#8221;http:\/\/www.gestner.es\/wp-content\/uploads\/2021\/01\/gestner7.jpg&#8221; global_colors_info=&#8221;{}&#8221;][\/et_pb_column][\/et_pb_row][et_pb_row column_structure=&#8221;1_2,1_2&#8243; make_equal=&#8221;on&#8221; module_id=&#8221;servicio5&#8243; _builder_version=&#8221;4.16&#8243; _module_preset=&#8221;default&#8221; custom_margin=&#8221;0px|auto|157px|auto|false|false&#8221; custom_padding=&#8221;0px||0px||false|false&#8221; animation_style=&#8221;slide&#8221; animation_direction=&#8221;left&#8221; global_colors_info=&#8221;{}&#8221;][et_pb_column type=&#8221;1_2&#8243; _builder_version=&#8221;4.16&#8243; _module_preset=&#8221;default&#8221; background_image=&#8221;http:\/\/www.gestner.es\/wp-content\/uploads\/2021\/01\/gestner8.jpg&#8221; global_colors_info=&#8221;{}&#8221;][\/et_pb_column][et_pb_column type=&#8221;1_2&#8243; _builder_version=&#8221;4.16&#8243; _module_preset=&#8221;default&#8221; global_colors_info=&#8221;{}&#8221;][et_pb_text _builder_version=&#8221;4.16&#8243; text_font=&#8221;Montserrat||||||||&#8221; text_line_height=&#8221;1.8em&#8221; header_font=&#8221;Montserrat|700|||||||&#8221; header_text_color=&#8221;#000000&#8243; header_font_size=&#8221;24px&#8221; header_line_height=&#8221;1.3em&#8221; custom_margin=&#8221;160px||164px||false|false&#8221; custom_margin_tablet=&#8221;&#8221; custom_margin_phone=&#8221;60px||60px||false|false&#8221; custom_margin_last_edited=&#8221;on|phone&#8221; text_font_size_tablet=&#8221;&#8221; text_font_size_phone=&#8221;14px&#8221; text_font_size_last_edited=&#8221;on|desktop&#8221; header_font_size_tablet=&#8221;50px&#8221; header_font_size_phone=&#8221;30px&#8221; header_font_size_last_edited=&#8221;on|phone&#8221; global_colors_info=&#8221;{}&#8221;]<\/p>\n<h1>ELIMINACI\u00d3 DE LA CAPIL\u00b7LARITAT EN ELS EDIFICIS (sistema Biodry)<\/h1>\n<p>&nbsp;<\/p>\n<p>La capil\u00b7laritat, una caracter\u00edstica dels l\u00edquids, \u00e9s el fenomen que fa que la superf\u00edcie d&#8217;un fluid que entra en contacte amb un cos s\u00f2lid, pugi o baixi. A m\u00e9s de que pot mullar o no a l&#8217;element en q\u00fcesti\u00f3. Aquesta propietat dep\u00e8n de la tensi\u00f3 superficial del l\u00edquid.<\/p>\n<p>La tecnologia Biodry \u00e9s una soluci\u00f3 natural, segura i definitiva que es fonamenta al principi f\u00edsic natural per a detenir el acc\u00e9s progressiu de la humitat sense requeriment de m\u00e8todes invasius, ni agressius. Biodry \u00e9s 100% efectiu..<\/p>\n<p>[\/et_pb_text][et_pb_image src=&#8221;http:\/\/www.gestner.es\/wp-content\/uploads\/2021\/01\/gestner8.jpg&#8221; title_text=&#8221;gestner8&#8243; disabled_on=&#8221;off|on|on&#8221; _builder_version=&#8221;4.16&#8243; _module_preset=&#8221;default&#8221; global_colors_info=&#8221;{}&#8221;][\/et_pb_image][\/et_pb_column][\/et_pb_row][\/et_pb_section]<\/p>\n","protected":false},"excerpt":{"rendered":"<p>Fes-te eco-eficient amb nosaltresL\u2019eco efici\u00e8ncia \u00e9s el resultat d&#8217;un proc\u00e9s que permetr\u00e0 adequar els seus consums a les seves necessitats, la utilitzaci\u00f3 d&#8217;energies renovables o de proced\u00e8ncia renovable i a m\u00e9s obtenir un menor cost de l&#8217;energia.GESTI\u00d3, CONTROL I MONITORATGE DE L\u2019ENERGIA I DE L&#8217;AIGUA &nbsp; Els nostres professionals obtindran les dades necess\u00e0ries per a [&hellip;]<\/p>\n","protected":false},"author":1,"featured_media":0,"parent":0,"menu_order":0,"comment_status":"closed","ping_status":"closed","template":"","meta":{"_et_pb_use_builder":"on","_et_pb_old_content":"","_et_gb_content_width":"","footnotes":""},"class_list":["post-181","page","type-page","status-publish","hentry"],"_links":{"self":[{"href":"https:\/\/www.gestner.es\/ca\/wp-json\/wp\/v2\/pages\/181","targetHints":{"allow":["GET"]}}],"collection":[{"href":"https:\/\/www.gestner.es\/ca\/wp-json\/wp\/v2\/pages"}],"about":[{"href":"https:\/\/www.gestner.es\/ca\/wp-json\/wp\/v2\/types\/page"}],"author":[{"embeddable":true,"href":"https:\/\/www.gestner.es\/ca\/wp-json\/wp\/v2\/users\/1"}],"replies":[{"embeddable":true,"href":"https:\/\/www.gestner.es\/ca\/wp-json\/wp\/v2\/comments?post=181"}],"version-history":[{"count":6,"href":"https:\/\/www.gestner.es\/ca\/wp-json\/wp\/v2\/pages\/181\/revisions"}],"predecessor-version":[{"id":253,"href":"https:\/\/www.gestner.es\/ca\/wp-json\/wp\/v2\/pages\/181\/revisions\/253"}],"wp:attachment":[{"href":"https:\/\/www.gestner.es\/ca\/wp-json\/wp\/v2\/media?parent=181"}],"curies":[{"name":"wp","href":"https:\/\/api.w.org\/{rel}","templated":true}]}}